{"id":6297,"date":"2021-10-29T15:02:04","date_gmt":"2021-10-29T13:02:04","guid":{"rendered":"https:\/\/riederbach.ch\/contacto\/"},"modified":"2021-12-16T16:29:19","modified_gmt":"2021-12-16T14:29:19","slug":"contacto","status":"publish","type":"page","link":"https:\/\/riederbach.ch\/es\/contacto\/","title":{"rendered":"CONTACTA CON NOSOTROS"},"content":{"rendered":"\t\t<div data-elementor-type=\"wp-page\" data-elementor-id=\"6297\" class=\"elementor elementor-6297 elementor-28\" data-elementor-post-type=\"page\">\n\t\t\t\t\t\t<section class=\"elementor-section elementor-top-section elementor-element elementor-element-72f73016 elementor-section-boxed elementor-section-height-default elementor-section-height-default\" data-id=\"72f73016\" data-element_type=\"section\" data-e-type=\"section\" data-settings=\"{&quot;background_background&quot;:&quot;classic&quot;}\">\n\t\t\t\t\t\t<div class=\"elementor-container elementor-column-gap-default\">\n\t\t\t\t\t<div class=\"elementor-column elementor-col-50 elementor-top-column elementor-element elementor-element-7372b02d\" data-id=\"7372b02d\" data-element_type=\"column\" data-e-type=\"column\">\n\t\t\t<div class=\"elementor-widget-wrap elementor-element-populated\">\n\t\t\t\t\t\t<div class=\"elementor-element elementor-element-2b6598e9 elementor-widget elementor-widget-text-editor\" data-id=\"2b6598e9\" data-element_type=\"widget\" data-e-type=\"widget\" data-widget_type=\"text-editor.default\">\n\t\t\t\t<div class=\"elementor-widget-container\">\n\t\t\t\t\t\t\t\t\t<h2 style=\"font-style: normal; font-variant-ligatures: normal; font-variant-caps: normal; text-transform: none; letter-spacing: normal; text-decoration-thickness: initial; text-decoration-style: initial; text-decoration-color: initial;\">CONT\u00c1CTANOS<\/h2>\t\t\t\t\t\t\t\t<\/div>\n\t\t\t\t<\/div>\n\t\t\t\t<div class=\"elementor-element elementor-element-5c7b4683 elementor-widget elementor-widget-heading\" data-id=\"5c7b4683\" data-element_type=\"widget\" data-e-type=\"widget\" data-widget_type=\"heading.default\">\n\t\t\t\t<div class=\"elementor-widget-container\">\n\t\t\t\t\t<p class=\"elementor-heading-title elementor-size-large\"><span style=\"white-space: normal\">COMENCEMOS<\/span><br style=\"white-space: normal\"><span style=\"white-space: normal\">ALGO MARAVILLOSO<\/span><\/p>\t\t\t\t<\/div>\n\t\t\t\t<\/div>\n\t\t\t\t<div class=\"elementor-element elementor-element-18f0ed5 elementor-widget elementor-widget-text-editor\" data-id=\"18f0ed5\" data-element_type=\"widget\" data-e-type=\"widget\" data-widget_type=\"text-editor.default\">\n\t\t\t\t<div class=\"elementor-widget-container\">\n\t\t\t\t\t\t\t\t\t<p>Por favor, rellena el siguiente formulario. Tu mensaje se enviar\u00e1 de forma confidencial al equipo de Rieder Bach. Si los formularios no son lo tuyo, env\u00edanos un correo electr\u00f3nico, ll\u00e1manos o simplemente vis\u00edtanos.<\/p>\t\t\t\t\t\t\t\t<\/div>\n\t\t\t\t<\/div>\n\t\t\t\t<div class=\"elementor-element elementor-element-9493088 elementor-icon-list--layout-traditional elementor-list-item-link-full_width elementor-widget elementor-widget-icon-list\" data-id=\"9493088\" data-element_type=\"widget\" data-e-type=\"widget\" data-widget_type=\"icon-list.default\">\n\t\t\t\t<div class=\"elementor-widget-container\">\n\t\t\t\t\t\t\t<ul class=\"elementor-icon-list-items\">\n\t\t\t\t\t\t\t<li class=\"elementor-icon-list-item\">\n\t\t\t\t\t\t\t\t\t\t\t<a href=\"tel:+41337484050\">\n\n\t\t\t\t\t\t\t\t\t\t\t\t<span class=\"elementor-icon-list-icon\">\n\t\t\t\t\t\t\t<i aria-hidden=\"true\" class=\"fas fa-phone\"><\/i>\t\t\t\t\t\t<\/span>\n\t\t\t\t\t\t\t\t\t\t<span class=\"elementor-icon-list-text\">+41 33 748 40 50<\/span>\n\t\t\t\t\t\t\t\t\t\t\t<\/a>\n\t\t\t\t\t\t\t\t\t<\/li>\n\t\t\t\t\t\t\t\t<li class=\"elementor-icon-list-item\">\n\t\t\t\t\t\t\t\t\t\t\t<a href=\"mailto:info@riederbach.ch\">\n\n\t\t\t\t\t\t\t\t\t\t\t\t<span class=\"elementor-icon-list-icon\">\n\t\t\t\t\t\t\t<i aria-hidden=\"true\" class=\"far fa-envelope\"><\/i>\t\t\t\t\t\t<\/span>\n\t\t\t\t\t\t\t\t\t\t<span class=\"elementor-icon-list-text\">info@riederbach.ch<\/span>\n\t\t\t\t\t\t\t\t\t\t\t<\/a>\n\t\t\t\t\t\t\t\t\t<\/li>\n\t\t\t\t\t\t\t\t<li class=\"elementor-icon-list-item\">\n\t\t\t\t\t\t\t\t\t\t\t<span class=\"elementor-icon-list-icon\">\n\t\t\t\t\t\t\t<i aria-hidden=\"true\" class=\"far fa-clock\"><\/i>\t\t\t\t\t\t<\/span>\n\t\t\t\t\t\t\t\t\t\t<span class=\"elementor-icon-list-text\">Lu - Vi: 07:30 - 12:00 \/ 13:30 - 17:30<\/span>\n\t\t\t\t\t\t\t\t\t<\/li>\n\t\t\t\t\t\t\t\t<li class=\"elementor-icon-list-item\">\n\t\t\t\t\t\t\t\t\t\t\t<a href=\"https:\/\/goo.gl\/maps\/9qdWjKmLm5twKPtE6\">\n\n\t\t\t\t\t\t\t\t\t\t\t\t<span class=\"elementor-icon-list-icon\">\n\t\t\t\t\t\t\t<i aria-hidden=\"true\" class=\" icomoon-the7-font-the7-map-04\"><\/i>\t\t\t\t\t\t<\/span>\n\t\t\t\t\t\t\t\t\t\t<span class=\"elementor-icon-list-text\">Bahnhofstrasse 5, 3792 Saanen<\/span>\n\t\t\t\t\t\t\t\t\t\t\t<\/a>\n\t\t\t\t\t\t\t\t\t<\/li>\n\t\t\t\t\t\t<\/ul>\n\t\t\t\t\t\t<\/div>\n\t\t\t\t<\/div>\n\t\t\t\t<div class=\"elementor-element elementor-element-79cda27 elementor-shape-square e-grid-align-left elementor-grid-0 elementor-widget elementor-widget-social-icons\" data-id=\"79cda27\" data-element_type=\"widget\" data-e-type=\"widget\" data-widget_type=\"social-icons.default\">\n\t\t\t\t<div class=\"elementor-widget-container\">\n\t\t\t\t\t\t\t<div class=\"elementor-social-icons-wrapper elementor-grid\" role=\"list\">\n\t\t\t\t\t\t\t<span class=\"elementor-grid-item\" role=\"listitem\">\n\t\t\t\t\t<a class=\"elementor-icon elementor-social-icon elementor-social-icon-facebook elementor-repeater-item-ad9b25a\" href=\"https:\/\/www.facebook.com\/riederbach\" target=\"_blank\">\n\t\t\t\t\t\t<span class=\"elementor-screen-only\">Facebook<\/span>\n\t\t\t\t\t\t<i aria-hidden=\"true\" class=\"fab fa-facebook\"><\/i>\t\t\t\t\t<\/a>\n\t\t\t\t<\/span>\n\t\t\t\t\t\t\t<span class=\"elementor-grid-item\" role=\"listitem\">\n\t\t\t\t\t<a class=\"elementor-icon elementor-social-icon elementor-social-icon-instagram elementor-repeater-item-980868c\" href=\"https:\/\/www.instagram.com\/riederbach\/\" target=\"_blank\">\n\t\t\t\t\t\t<span class=\"elementor-screen-only\">Instagram<\/span>\n\t\t\t\t\t\t<i aria-hidden=\"true\" class=\"fab fa-instagram\"><\/i>\t\t\t\t\t<\/a>\n\t\t\t\t<\/span>\n\t\t\t\t\t\t\t<span class=\"elementor-grid-item\" role=\"listitem\">\n\t\t\t\t\t<a class=\"elementor-icon elementor-social-icon elementor-social-icon-linkedin-in elementor-repeater-item-7da629e\" href=\"https:\/\/ch.linkedin.com\/company\/rieder-bach-architektur-gstaad\" target=\"_blank\">\n\t\t\t\t\t\t<span class=\"elementor-screen-only\">Linkedin-in<\/span>\n\t\t\t\t\t\t<i aria-hidden=\"true\" class=\"fab fa-linkedin-in\"><\/i>\t\t\t\t\t<\/a>\n\t\t\t\t<\/span>\n\t\t\t\t\t<\/div>\n\t\t\t\t\t\t<\/div>\n\t\t\t\t<\/div>\n\t\t\t\t\t<\/div>\n\t\t<\/div>\n\t\t\t\t<div class=\"elementor-column elementor-col-50 elementor-top-column elementor-element elementor-element-51309d0a\" data-id=\"51309d0a\" data-element_type=\"column\" data-e-type=\"column\" data-settings=\"{&quot;background_background&quot;:&quot;classic&quot;}\">\n\t\t\t<div class=\"elementor-widget-wrap elementor-element-populated\">\n\t\t\t\t\t\t<div class=\"elementor-element elementor-element-23569d6f elementor-button-align-start elementor-mobile-button-align-stretch elementor-widget elementor-widget-form\" data-id=\"23569d6f\" data-element_type=\"widget\" data-e-type=\"widget\" data-settings=\"{&quot;step_next_label&quot;:&quot;Siguiente&quot;,&quot;step_previous_label&quot;:&quot;Anterior&quot;,&quot;button_width&quot;:&quot;100&quot;,&quot;step_type&quot;:&quot;number_text&quot;,&quot;step_icon_shape&quot;:&quot;circle&quot;}\" data-widget_type=\"form.default\">\n\t\t\t\t<div class=\"elementor-widget-container\">\n\t\t\t\t\t\t\t<form class=\"elementor-form\" method=\"post\" name=\"Cont\u00e1ctenos\" aria-label=\"Cont\u00e1ctenos\">\n\t\t\t<input type=\"hidden\" name=\"post_id\" value=\"6297\"\/>\n\t\t\t<input type=\"hidden\" name=\"form_id\" value=\"23569d6f\"\/>\n\t\t\t<input type=\"hidden\" name=\"referer_title\" value=\"CONTACTA CON NOSOTROS - CONT\u00c1CTENOS RIEDERBACH ARCHITECTUR GSTAAD\" \/>\n\n\t\t\t\t\t\t\t<input type=\"hidden\" name=\"queried_id\" value=\"6297\"\/>\n\t\t\t\n\t\t\t<div class=\"elementor-form-fields-wrapper elementor-labels-\">\n\t\t\t\t\t\t\t\t<div class=\"elementor-field-type-text elementor-field-group elementor-column elementor-field-group-name elementor-col-100\">\n\t\t\t\t\t\t\t\t\t\t\t\t<label for=\"form-field-name\" class=\"elementor-field-label elementor-screen-only\">\n\t\t\t\t\t\t\t\tNombre\t\t\t\t\t\t\t<\/label>\n\t\t\t\t\t\t\t\t\t\t\t\t\t\t<input size=\"1\" type=\"text\" name=\"form_fields[name]\" id=\"form-field-name\" class=\"elementor-field elementor-size-md  elementor-field-textual\" placeholder=\"Nombre\">\n\t\t\t\t\t\t\t\t\t\t\t<\/div>\n\t\t\t\t\t\t\t\t<div class=\"elementor-field-type-email elementor-field-group elementor-column elementor-field-group-email elementor-col-100 elementor-field-required\">\n\t\t\t\t\t\t\t\t\t\t\t\t<label for=\"form-field-email\" class=\"elementor-field-label elementor-screen-only\">\n\t\t\t\t\t\t\t\tEmail\t\t\t\t\t\t\t<\/label>\n\t\t\t\t\t\t\t\t\t\t\t\t\t\t<input size=\"1\" type=\"email\" name=\"form_fields[email]\" id=\"form-field-email\" class=\"elementor-field elementor-size-md  elementor-field-textual\" placeholder=\"Email\" required=\"required\">\n\t\t\t\t\t\t\t\t\t\t\t<\/div>\n\t\t\t\t\t\t\t\t<div class=\"elementor-field-type-textarea elementor-field-group elementor-column elementor-field-group-field_fb042d6 elementor-col-100\">\n\t\t\t\t\t\t\t\t\t\t\t\t<label for=\"form-field-field_fb042d6\" class=\"elementor-field-label elementor-screen-only\">\n\t\t\t\t\t\t\t\tMensaje\t\t\t\t\t\t\t<\/label>\n\t\t\t\t\t\t<textarea class=\"elementor-field-textual elementor-field  elementor-size-md\" name=\"form_fields[field_fb042d6]\" id=\"form-field-field_fb042d6\" rows=\"4\" placeholder=\"Mensaje\"><\/textarea>\t\t\t\t<\/div>\n\t\t\t\t\t\t\t\t<div class=\"elementor-field-type-acceptance elementor-field-group elementor-column elementor-field-group-field_b8c67d5 elementor-col-100 elementor-field-required\">\n\t\t\t\t\t\t\t\t\t\t\t\t<label for=\"form-field-field_b8c67d5\" class=\"elementor-field-label elementor-screen-only\">\n\t\t\t\t\t\t\t\tAceptar\t\t\t\t\t\t\t<\/label>\n\t\t\t\t\t\t\t\t<div class=\"elementor-field-subgroup\">\n\t\t\t<span class=\"elementor-field-option\">\n\t\t\t\t<input type=\"checkbox\" name=\"form_fields[field_b8c67d5]\" id=\"form-field-field_b8c67d5\" class=\"elementor-field elementor-size-md  elementor-acceptance-field\" required=\"required\">\n\t\t\t\t<label for=\"form-field-field_b8c67d5\">He le\u00eddo y acepto la <a href=\"https:\/\/riederbach.ch\/es\/politica-de-privacidad\/\" target=\"_blank\" rel=\"noopener\">pol\u00edtica de privacidad<\/a> de Rieder Bach Architektur AG. <\/label>\t\t\t<\/span>\n\t\t<\/div>\n\t\t\t\t\t\t<\/div>\n\t\t\t\t\t\t\t\t<div class=\"elementor-field-type-recaptcha elementor-field-group elementor-column elementor-field-group-field_580882c elementor-col-100\">\n\t\t\t\t\t<div class=\"elementor-field\" id=\"form-field-field_580882c\"><div class=\"elementor-g-recaptcha\" data-sitekey=\"6Lf5AcccAAAAACgI6fFfCRafwWvxsxKTciDwgWbt\" data-type=\"v2_checkbox\" data-theme=\"light\" data-size=\"normal\"><\/div><\/div>\t\t\t\t<\/div>\n\t\t\t\t\t\t\t\t<div class=\"elementor-field-group elementor-column elementor-field-type-submit elementor-col-100 e-form__buttons\">\n\t\t\t\t\t<button class=\"elementor-button elementor-size-md\" type=\"submit\">\n\t\t\t\t\t\t<span class=\"elementor-button-content-wrapper\">\n\t\t\t\t\t\t\t\t\t\t\t\t\t\t\t\t\t\t\t\t\t\t<span class=\"elementor-button-text\">Enviar<\/span>\n\t\t\t\t\t\t\t\t\t\t\t\t\t<\/span>\n\t\t\t\t\t<\/button>\n\t\t\t\t<\/div>\n\t\t\t<\/div>\n\t\t<\/form>\n\t\t\t\t\t\t<\/div>\n\t\t\t\t<\/div>\n\t\t\t\t\t<\/div>\n\t\t<\/div>\n\t\t\t\t\t<\/div>\n\t\t<\/section>\n\t\t\t\t<section class=\"elementor-section elementor-top-section elementor-element elementor-element-6c025e0e elementor-section-full_width elementor-section-height-default elementor-section-height-default\" data-id=\"6c025e0e\" data-element_type=\"section\" data-e-type=\"section\" data-settings=\"{&quot;background_background&quot;:&quot;classic&quot;}\">\n\t\t\t\t\t\t<div class=\"elementor-container elementor-column-gap-no\">\n\t\t\t\t\t<div class=\"elementor-column elementor-col-100 elementor-top-column elementor-element elementor-element-45f2a85f\" data-id=\"45f2a85f\" data-element_type=\"column\" data-e-type=\"column\">\n\t\t\t<div class=\"elementor-widget-wrap elementor-element-populated\">\n\t\t\t\t\t\t<div class=\"elementor-element elementor-element-2bd3ba14 elementor-widget elementor-widget-google_maps\" data-id=\"2bd3ba14\" data-element_type=\"widget\" data-e-type=\"widget\" data-widget_type=\"google_maps.default\">\n\t\t\t\t<div class=\"elementor-widget-container\">\n\t\t\t\t\t\t\t<div class=\"elementor-custom-embed\">\n\t\t\t<iframe loading=\"lazy\"\n\t\t\t\t\tsrc=\"https:\/\/maps.google.com\/maps?q=Bahnhofstrasse%205%2C%203792%20Saanen&#038;t=m&#038;z=16&#038;output=embed&#038;iwloc=near\"\n\t\t\t\t\ttitle=\"Bahnhofstrasse 5, 3792 Saanen\"\n\t\t\t\t\taria-label=\"Bahnhofstrasse 5, 3792 Saanen\"\n\t\t\t><\/iframe>\n\t\t<\/div>\n\t\t\t\t\t\t<\/div>\n\t\t\t\t<\/div>\n\t\t\t\t\t<\/div>\n\t\t<\/div>\n\t\t\t\t\t<\/div>\n\t\t<\/section>\n\t\t\t\t<\/div>\n\t\t","protected":false},"excerpt":{"rendered":"<p>CONT\u00c1CTANOS COMENCEMOSALGO MARAVILLOSO Por favor, rellena el siguiente formulario. Tu mensaje se enviar\u00e1 de forma confidencial al equipo de Rieder Bach. Si los formularios no son lo tuyo, env\u00edanos un correo electr\u00f3nico, ll\u00e1manos o simplemente vis\u00edtanos. +41 33 748 40 50 info@riederbach.ch Lu &#8211; Vi: 07:30 &#8211; 12:00 \/ 13:30 &#8211; 17:30 Bahnhofstrasse 5, 3792&hellip;<\/p>\n","protected":false},"author":1,"featured_media":0,"parent":0,"menu_order":0,"comment_status":"closed","ping_status":"closed","template":"elementor_header_footer","meta":{"footnotes":""},"class_list":["post-6297","page","type-page","status-publish","hentry"],"yoast_head":"<!-- This site is optimized with the Yoast SEO plugin v27.4 - https:\/\/yoast.com\/product\/yoast-seo-wordpress\/ -->\n<title>CONTACTA CON NOSOTROS - CONT\u00c1CTENOS RIEDERBACH ARCHITECTUR GSTAAD<\/title>\n<meta name=\"description\" content=\"Comun\u00edquese con RIEDERBACH TEAM, complete el siguiente formulario r\u00e1pido. Su mensaje se enviar\u00e1 de forma confidencial a info@riederbach.ch. Gracias.\" \/>\n<meta name=\"robots\" content=\"index, follow, max-snippet:-1, max-image-preview:large, max-video-preview:-1\" \/>\n<link rel=\"canonical\" href=\"https:\/\/riederbach.ch\/es\/contacto\/\" \/>\n<meta property=\"og:locale\" content=\"es_ES\" \/>\n<meta property=\"og:type\" content=\"article\" \/>\n<meta property=\"og:title\" content=\"P\u00f3ngase en contacto con RIEDERBACH ARQUITECTURA GSTAAD\" \/>\n<meta property=\"og:description\" content=\"P\u00f3ngase en contacto con RIEDERBACH ARQUITECTURA GSTAAD\" \/>\n<meta property=\"og:url\" content=\"https:\/\/riederbach.ch\/es\/contacto\/\" \/>\n<meta property=\"og:site_name\" content=\"RIEDER BACH ARCHITEKTUR GSTAAD\" \/>\n<meta property=\"article:publisher\" content=\"https:\/\/www.facebook.com\/riederbach\" \/>\n<meta property=\"article:modified_time\" content=\"2021-12-16T14:29:19+00:00\" \/>\n<meta property=\"og:image\" content=\"https:\/\/riederbach.ch\/wp-content\/uploads\/2021\/08\/logo-500_MAX-1.jpg\" \/>\n<meta name=\"twitter:card\" content=\"summary_large_image\" \/>\n<meta name=\"twitter:label1\" content=\"Tiempo de lectura\" \/>\n\t<meta name=\"twitter:data1\" content=\"1 minuto\" \/>\n<script type=\"application\/ld+json\" class=\"yoast-schema-graph\">{\"@context\":\"https:\\\/\\\/schema.org\",\"@graph\":[{\"@type\":\"WebPage\",\"@id\":\"https:\\\/\\\/riederbach.ch\\\/es\\\/contacto\\\/\",\"url\":\"https:\\\/\\\/riederbach.ch\\\/es\\\/contacto\\\/\",\"name\":\"CONTACTA CON NOSOTROS - CONT\u00c1CTENOS RIEDERBACH ARCHITECTUR GSTAAD\",\"isPartOf\":{\"@id\":\"https:\\\/\\\/riederbach.ch\\\/es\\\/#website\"},\"datePublished\":\"2021-10-29T13:02:04+00:00\",\"dateModified\":\"2021-12-16T14:29:19+00:00\",\"description\":\"Comun\u00edquese con RIEDERBACH TEAM, complete el siguiente formulario r\u00e1pido. Su mensaje se enviar\u00e1 de forma confidencial a info@riederbach.ch. Gracias.\",\"breadcrumb\":{\"@id\":\"https:\\\/\\\/riederbach.ch\\\/es\\\/contacto\\\/#breadcrumb\"},\"inLanguage\":\"es\",\"potentialAction\":[{\"@type\":\"ReadAction\",\"target\":[\"https:\\\/\\\/riederbach.ch\\\/es\\\/contacto\\\/\"]}]},{\"@type\":\"BreadcrumbList\",\"@id\":\"https:\\\/\\\/riederbach.ch\\\/es\\\/contacto\\\/#breadcrumb\",\"itemListElement\":[{\"@type\":\"ListItem\",\"position\":1,\"name\":\"Home\",\"item\":\"https:\\\/\\\/riederbach.ch\\\/es\\\/hogar\\\/\"},{\"@type\":\"ListItem\",\"position\":2,\"name\":\"CONTACTA CON NOSOTROS\"}]},{\"@type\":\"WebSite\",\"@id\":\"https:\\\/\\\/riederbach.ch\\\/es\\\/#website\",\"url\":\"https:\\\/\\\/riederbach.ch\\\/es\\\/\",\"name\":\"RIEDER BACH ARCHITEKTUR GSTAAD\",\"description\":\"RIEDER BACH is a leading architecture office in Gstaad and a market leader in high-end residential architecture in Switzerland.\",\"publisher\":{\"@id\":\"https:\\\/\\\/riederbach.ch\\\/es\\\/#organization\"},\"potentialAction\":[{\"@type\":\"SearchAction\",\"target\":{\"@type\":\"EntryPoint\",\"urlTemplate\":\"https:\\\/\\\/riederbach.ch\\\/es\\\/?s={search_term_string}\"},\"query-input\":{\"@type\":\"PropertyValueSpecification\",\"valueRequired\":true,\"valueName\":\"search_term_string\"}}],\"inLanguage\":\"es\"},{\"@type\":\"Organization\",\"@id\":\"https:\\\/\\\/riederbach.ch\\\/es\\\/#organization\",\"name\":\"RIEDER BACH ARCHITEKTUR GSTAAD\",\"url\":\"https:\\\/\\\/riederbach.ch\\\/es\\\/\",\"logo\":{\"@type\":\"ImageObject\",\"inLanguage\":\"es\",\"@id\":\"https:\\\/\\\/riederbach.ch\\\/es\\\/#\\\/schema\\\/logo\\\/image\\\/\",\"url\":\"https:\\\/\\\/riederbach.ch\\\/wp-content\\\/uploads\\\/2021\\\/08\\\/logo-350x100-1.png\",\"contentUrl\":\"https:\\\/\\\/riederbach.ch\\\/wp-content\\\/uploads\\\/2021\\\/08\\\/logo-350x100-1.png\",\"width\":350,\"height\":100,\"caption\":\"RIEDER BACH ARCHITEKTUR GSTAAD\"},\"image\":{\"@id\":\"https:\\\/\\\/riederbach.ch\\\/es\\\/#\\\/schema\\\/logo\\\/image\\\/\"},\"sameAs\":[\"https:\\\/\\\/www.facebook.com\\\/riederbach\",\"https:\\\/\\\/www.instagram.com\\\/riederbach\\\/\",\"https:\\\/\\\/www.linkedin.com\\\/company\\\/11056632\\\/admin\\\/\"]}]}<\/script>\n<!-- \/ Yoast SEO plugin. -->","yoast_head_json":{"title":"CONTACTA CON NOSOTROS - CONT\u00c1CTENOS RIEDERBACH ARCHITECTUR GSTAAD","description":"Comun\u00edquese con RIEDERBACH TEAM, complete el siguiente formulario r\u00e1pido. Su mensaje se enviar\u00e1 de forma confidencial a info@riederbach.ch. Gracias.","robots":{"index":"index","follow":"follow","max-snippet":"max-snippet:-1","max-image-preview":"max-image-preview:large","max-video-preview":"max-video-preview:-1"},"canonical":"https:\/\/riederbach.ch\/es\/contacto\/","og_locale":"es_ES","og_type":"article","og_title":"P\u00f3ngase en contacto con RIEDERBACH ARQUITECTURA GSTAAD","og_description":"P\u00f3ngase en contacto con RIEDERBACH ARQUITECTURA GSTAAD","og_url":"https:\/\/riederbach.ch\/es\/contacto\/","og_site_name":"RIEDER BACH ARCHITEKTUR GSTAAD","article_publisher":"https:\/\/www.facebook.com\/riederbach","article_modified_time":"2021-12-16T14:29:19+00:00","og_image":[{"url":"https:\/\/riederbach.ch\/wp-content\/uploads\/2021\/08\/logo-500_MAX-1.jpg","type":"","width":"","height":""}],"twitter_card":"summary_large_image","twitter_misc":{"Tiempo de lectura":"1 minuto"},"schema":{"@context":"https:\/\/schema.org","@graph":[{"@type":"WebPage","@id":"https:\/\/riederbach.ch\/es\/contacto\/","url":"https:\/\/riederbach.ch\/es\/contacto\/","name":"CONTACTA CON NOSOTROS - CONT\u00c1CTENOS RIEDERBACH ARCHITECTUR GSTAAD","isPartOf":{"@id":"https:\/\/riederbach.ch\/es\/#website"},"datePublished":"2021-10-29T13:02:04+00:00","dateModified":"2021-12-16T14:29:19+00:00","description":"Comun\u00edquese con RIEDERBACH TEAM, complete el siguiente formulario r\u00e1pido. Su mensaje se enviar\u00e1 de forma confidencial a info@riederbach.ch. Gracias.","breadcrumb":{"@id":"https:\/\/riederbach.ch\/es\/contacto\/#breadcrumb"},"inLanguage":"es","potentialAction":[{"@type":"ReadAction","target":["https:\/\/riederbach.ch\/es\/contacto\/"]}]},{"@type":"BreadcrumbList","@id":"https:\/\/riederbach.ch\/es\/contacto\/#breadcrumb","itemListElement":[{"@type":"ListItem","position":1,"name":"Home","item":"https:\/\/riederbach.ch\/es\/hogar\/"},{"@type":"ListItem","position":2,"name":"CONTACTA CON NOSOTROS"}]},{"@type":"WebSite","@id":"https:\/\/riederbach.ch\/es\/#website","url":"https:\/\/riederbach.ch\/es\/","name":"RIEDER BACH ARCHITEKTUR GSTAAD","description":"RIEDER BACH is a leading architecture office in Gstaad and a market leader in high-end residential architecture in Switzerland.","publisher":{"@id":"https:\/\/riederbach.ch\/es\/#organization"},"potentialAction":[{"@type":"SearchAction","target":{"@type":"EntryPoint","urlTemplate":"https:\/\/riederbach.ch\/es\/?s={search_term_string}"},"query-input":{"@type":"PropertyValueSpecification","valueRequired":true,"valueName":"search_term_string"}}],"inLanguage":"es"},{"@type":"Organization","@id":"https:\/\/riederbach.ch\/es\/#organization","name":"RIEDER BACH ARCHITEKTUR GSTAAD","url":"https:\/\/riederbach.ch\/es\/","logo":{"@type":"ImageObject","inLanguage":"es","@id":"https:\/\/riederbach.ch\/es\/#\/schema\/logo\/image\/","url":"https:\/\/riederbach.ch\/wp-content\/uploads\/2021\/08\/logo-350x100-1.png","contentUrl":"https:\/\/riederbach.ch\/wp-content\/uploads\/2021\/08\/logo-350x100-1.png","width":350,"height":100,"caption":"RIEDER BACH ARCHITEKTUR GSTAAD"},"image":{"@id":"https:\/\/riederbach.ch\/es\/#\/schema\/logo\/image\/"},"sameAs":["https:\/\/www.facebook.com\/riederbach","https:\/\/www.instagram.com\/riederbach\/","https:\/\/www.linkedin.com\/company\/11056632\/admin\/"]}]}},"_links":{"self":[{"href":"https:\/\/riederbach.ch\/es\/wp-json\/wp\/v2\/pages\/6297","targetHints":{"allow":["GET"]}}],"collection":[{"href":"https:\/\/riederbach.ch\/es\/wp-json\/wp\/v2\/pages"}],"about":[{"href":"https:\/\/riederbach.ch\/es\/wp-json\/wp\/v2\/types\/page"}],"author":[{"embeddable":true,"href":"https:\/\/riederbach.ch\/es\/wp-json\/wp\/v2\/users\/1"}],"replies":[{"embeddable":true,"href":"https:\/\/riederbach.ch\/es\/wp-json\/wp\/v2\/comments?post=6297"}],"version-history":[{"count":23,"href":"https:\/\/riederbach.ch\/es\/wp-json\/wp\/v2\/pages\/6297\/revisions"}],"predecessor-version":[{"id":10082,"href":"https:\/\/riederbach.ch\/es\/wp-json\/wp\/v2\/pages\/6297\/revisions\/10082"}],"wp:attachment":[{"href":"https:\/\/riederbach.ch\/es\/wp-json\/wp\/v2\/media?parent=6297"}],"curies":[{"name":"wp","href":"https:\/\/api.w.org\/{rel}","templated":true}]}}